{"id":11738,"date":"2023-01-21T12:05:32","date_gmt":"2023-01-21T12:05:32","guid":{"rendered":"https:\/\/food4all.plataforma-habitat.es\/home\/"},"modified":"2025-12-04T11:26:17","modified_gmt":"2025-12-04T11:26:17","slug":"home","status":"publish","type":"page","link":"https:\/\/food4all.plataforma-habitat.es\/fr\/","title":{"rendered":"Accueil"},"content":{"rendered":"\t\t<div data-elementor-type=\"wp-page\" data-elementor-id=\"11738\" class=\"elementor elementor-11738 elementor-9\">\n\t\t\t\t\t\t<section class=\"elementor-section elementor-top-section elementor-element elementor-element-ac862aa elementor-section-full_width elementor-section-height-default elementor-section-height-default\" data-id=\"ac862aa\" data-element_type=\"section\" data-e-type=\"section\" data-settings=\"{&quot;background_background&quot;:&quot;classic&quot;}\">\n\t\t\t\t\t\t\t<div class=\"elementor-background-overlay\"><\/div>\n\t\t\t\t\t\t\t<div class=\"elementor-container elementor-column-gap-default\">\n\t\t\t\t\t<div class=\"elementor-column elementor-col-100 elementor-top-column elementor-element elementor-element-71ea5e9\" data-id=\"71ea5e9\" data-element_type=\"column\" data-e-type=\"column\">\n\t\t\t<div class=\"elementor-widget-wrap elementor-element-populated\">\n\t\t\t\t\t\t<div class=\"elementor-element elementor-element-768d07e elementor-widget elementor-widget-heading\" data-id=\"768d07e\" data-element_type=\"widget\" data-e-type=\"widget\" data-widget_type=\"heading.default\">\n\t\t\t\t<div class=\"elementor-widget-container\">\n\t\t\t\t\t<h1 class=\"elementor-heading-title elementor-size-default\">Food4All<\/h1>\t\t\t\t<\/div>\n\t\t\t\t<\/div>\n\t\t\t\t<div class=\"elementor-element elementor-element-a56b9c5 elementor-widget elementor-widget-heading\" data-id=\"a56b9c5\" data-element_type=\"widget\" data-e-type=\"widget\" data-widget_type=\"heading.default\">\n\t\t\t\t<div class=\"elementor-widget-container\">\n\t\t\t\t\t<h1 class=\"elementor-heading-title elementor-size-default\">Culinary Innovation Lab<\/h1>\t\t\t\t<\/div>\n\t\t\t\t<\/div>\n\t\t\t\t\t<\/div>\n\t\t<\/div>\n\t\t\t\t\t<\/div>\n\t\t<\/section>\n\t\t\t\t<section class=\"elementor-section elementor-top-section elementor-element elementor-element-f6768a7 elementor-section-boxed elementor-section-height-default elementor-section-height-default\" data-id=\"f6768a7\" data-element_type=\"section\" data-e-type=\"section\">\n\t\t\t\t\t\t<div class=\"elementor-container elementor-column-gap-default\">\n\t\t\t\t\t<div class=\"elementor-column elementor-col-100 elementor-top-column elementor-element elementor-element-b5c8d6b\" data-id=\"b5c8d6b\" data-element_type=\"column\" data-e-type=\"column\">\n\t\t\t<div class=\"elementor-widget-wrap elementor-element-populated\">\n\t\t\t\t\t\t<div class=\"elementor-element elementor-element-bd9f390 elementor-widget elementor-widget-heading\" data-id=\"bd9f390\" data-element_type=\"widget\" data-e-type=\"widget\" data-widget_type=\"heading.default\">\n\t\t\t\t<div class=\"elementor-widget-container\">\n\t\t\t\t\t<h2 class=\"elementor-heading-title elementor-size-default\">Bienvenue sur la plateforme d'apprentissage en ligne FOOD4ALL<\/h2>\t\t\t\t<\/div>\n\t\t\t\t<\/div>\n\t\t\t\t<div class=\"elementor-element elementor-element-c280f9c elementor-widget-divider--view-line elementor-widget elementor-widget-divider\" data-id=\"c280f9c\" data-element_type=\"widget\" data-e-type=\"widget\" data-widget_type=\"divider.default\">\n\t\t\t\t<div class=\"elementor-widget-container\">\n\t\t\t\t\t\t\t<div class=\"elementor-divider\">\n\t\t\t<span class=\"elementor-divider-separator\">\n\t\t\t\t\t\t<\/span>\n\t\t<\/div>\n\t\t\t\t\t\t<\/div>\n\t\t\t\t<\/div>\n\t\t\t\t<div class=\"elementor-element elementor-element-e7de118 elementor-widget elementor-widget-text-editor\" data-id=\"e7de118\" data-element_type=\"widget\" data-e-type=\"widget\" data-widget_type=\"text-editor.default\">\n\t\t\t\t<div class=\"elementor-widget-container\">\n\t\t\t\t\t\t\t\t\t<div id=\"lipsum\"><p><span style=\"color: #b4cd57;\"><strong>Une gastronomie inclusive pour tous<\/strong><\/span><\/p><p><span data-sheets-root=\"1\">La plateforme FOOD4ALL est le centre d&rsquo;apprentissage central du projet europ\u00e9en \u00ab FOOD4ALL \u2013 Parcours de formation inclusifs pour des pratiques culinaires \u00e9quitables et diversifi\u00e9es \u00bb, cofinanc\u00e9 par le programme Erasmus+. Sa mission est de promouvoir des pratiques alimentaires inclusives, durables et soucieuses de la sant\u00e9 qui r\u00e9pondent aux besoins alimentaires des populations diversifi\u00e9es d&rsquo;aujourd&rsquo;hui.<\/span><\/p><p>Vous trouverez ici cinq cours de formation en ligne interactifs et pratiques, con\u00e7us pour les chefs, les \u00e9tudiants en cuisine, les professionnels de l&rsquo;h\u00f4tellerie, les formateurs et toute personne int\u00e9ress\u00e9e par la cuisine inclusive, la s\u00e9curit\u00e9 alimentaire et la durabilit\u00e9.<br \/>Chaque cours combine un langage accessible, des exemples concrets, du contenu t\u00e9l\u00e9chargeable et des outils multim\u00e9dias attrayants pour favoriser l&rsquo;apprentissage pratique. Les apprenants peuvent progresser \u00e0 leur propre rythme, suivre leurs progr\u00e8s et revoir les supports \u00e0 tout moment.<\/p><p><strong><span style=\"color: #b4cd57;\">La plateforme vous donne un acc\u00e8s complet \u00e0:<\/span><\/strong><\/p><ul><li><a href=\"https:\/\/food4all.plataforma-habitat.es\/fr\/e-learning-course\/\">5 cours de formation,<\/a> chacun couvrant un domaine cl\u00e9 des pratiques culinaires inclusives:<\/li><\/ul><\/div><div><ol><li style=\"list-style-type: none;\"><ol><li style=\"list-style-type: none;\"><ol><li>Comprendre les restrictions alimentaires \u2013 Une introduction aux allergies alimentaires courantes, aux intol\u00e9rances et aux besoins alimentaires culturels\/religieux.<\/li><li>Planification de menus inclusifs \u2013 Comment concevoir des menus \u00e9quilibr\u00e9s et attrayants pour les personnes ayant des besoins alimentaires diff\u00e9rents.<\/li><li>Techniques de cuisine s\u00fbres et inclusives \u2013 M\u00e9thodes pour \u00e9viter la contamination crois\u00e9e et garantir la s\u00e9curit\u00e9 alimentaire dans les cuisines professionnelles.<\/li><li>Diversit\u00e9 alimentaire et dialogue interculturel \u2013 Consid\u00e9rer la nourriture comme un pont entre les cultures, en mettant l&rsquo;accent sur la diversit\u00e9 et le respect.<\/li><li>D\u00e9gustation et assurance qualit\u00e9 \u2013 Outils et strat\u00e9gies pour \u00e9valuer la qualit\u00e9 sensorielle des recettes inclusives.<\/li><\/ol><\/li><\/ol><\/li><\/ol><\/div><div id=\"lipsum\"><ul><li><a href=\"https:\/\/food4all.plataforma-habitat.es\/fr\/awareness-materials\/\">Supports de sensibilisation et infographies,<\/a> une collection de ressources pratiques et visuelles (telles que des exemples de menus inclusifs, des recettes adapt\u00e9es, des guides, des statistiques et des contenus vid\u00e9o externes) qui soutiennent et compl\u00e8tent l&rsquo;exp\u00e9rience de formation.<br \/>Ces supports sont con\u00e7us pour sensibiliser, renforcer les concepts cl\u00e9s et fournir des exemples pr\u00eats \u00e0 l&#8217;emploi que les apprenants et les formateurs peuvent appliquer directement dans leurs pratiques culinaires ou p\u00e9dagogiques.<\/li><\/ul><p><span style=\"color: #b4cd57;\"><strong>Ce que vous apprendrez:<\/strong><\/span><\/p><ul><li>Comment adapter les recettes traditionnelles pour r\u00e9pondre aux restrictions alimentaires<\/li><li>Comment concevoir des menus inclusifs et \u00e9quilibr\u00e9s sur le plan nutritionnel<\/li><li>Comment appliquer les protocoles de pr\u00e9vention de la contamination crois\u00e9e<\/li><li>Comment garantir la qualit\u00e9 des aliments gr\u00e2ce \u00e0 des tests de go\u00fbt et \u00e0 des \u00e9valuations<\/li><li>Comment consid\u00e9rer la diversit\u00e9 alimentaire comme une valeur culturelle et professionnelle<\/li><\/ul><p>Avec une structure claire, un acc\u00e8s adapt\u00e9 aux appareils mobiles et des supports enrichis visuellement, ces cours sont con\u00e7us pour \u00eatre faciles \u00e0 utiliser, pratiques et pr\u00eats \u00e0 \u00eatre appliqu\u00e9s dans des contextes r\u00e9els de cuisine et de service.<br \/>Rejoignez-nous pour construire une culture alimentaire plus inclusive et plus consciente, une recette \u00e0 la fois.<\/p><\/div>\t\t\t\t\t\t\t\t<\/div>\n\t\t\t\t<\/div>\n\t\t\t\t\t<\/div>\n\t\t<\/div>\n\t\t\t\t\t<\/div>\n\t\t<\/section>\n\t\t\t\t<\/div>\n\t\t","protected":false},"excerpt":{"rendered":"<p>Food4All Culinary Innovation Lab Bienvenue sur la plateforme d&rsquo;apprentissage en ligne FOOD4ALL Une gastronomie inclusive pour tous La plateforme FOOD4ALL est le centre d&rsquo;apprentissage central du projet europ\u00e9en \u00ab FOOD4ALL &hellip; <\/p>\n","protected":false},"author":52,"featured_media":0,"parent":0,"menu_order":0,"comment_status":"closed","ping_status":"closed","template":"elementor_header_footer","meta":{"footnotes":""},"class_list":["post-11738","page","type-page","status-publish","hentry"],"_links":{"self":[{"href":"https:\/\/food4all.plataforma-habitat.es\/fr\/wp-json\/wp\/v2\/pages\/11738","targetHints":{"allow":["GET"]}}],"collection":[{"href":"https:\/\/food4all.plataforma-habitat.es\/fr\/wp-json\/wp\/v2\/pages"}],"about":[{"href":"https:\/\/food4all.plataforma-habitat.es\/fr\/wp-json\/wp\/v2\/types\/page"}],"author":[{"embeddable":true,"href":"https:\/\/food4all.plataforma-habitat.es\/fr\/wp-json\/wp\/v2\/users\/52"}],"replies":[{"embeddable":true,"href":"https:\/\/food4all.plataforma-habitat.es\/fr\/wp-json\/wp\/v2\/comments?post=11738"}],"version-history":[{"count":27,"href":"https:\/\/food4all.plataforma-habitat.es\/fr\/wp-json\/wp\/v2\/pages\/11738\/revisions"}],"predecessor-version":[{"id":14674,"href":"https:\/\/food4all.plataforma-habitat.es\/fr\/wp-json\/wp\/v2\/pages\/11738\/revisions\/14674"}],"wp:attachment":[{"href":"https:\/\/food4all.plataforma-habitat.es\/fr\/wp-json\/wp\/v2\/media?parent=11738"}],"curies":[{"name":"wp","href":"https:\/\/api.w.org\/{rel}","templated":true}]}}