{"id":10500,"date":"2023-01-21T12:05:32","date_gmt":"2023-01-21T12:05:32","guid":{"rendered":"https:\/\/food4all.plataforma-habitat.es\/home\/"},"modified":"2025-12-04T11:34:54","modified_gmt":"2025-12-04T11:34:54","slug":"home","status":"publish","type":"page","link":"https:\/\/food4all.plataforma-habitat.es\/es\/","title":{"rendered":"Inicio"},"content":{"rendered":"\t\t<div data-elementor-type=\"wp-page\" data-elementor-id=\"10500\" class=\"elementor elementor-10500 elementor-9\">\n\t\t\t\t\t\t<section class=\"elementor-section elementor-top-section elementor-element elementor-element-ac862aa elementor-section-full_width elementor-section-height-default elementor-section-height-default\" data-id=\"ac862aa\" data-element_type=\"section\" data-e-type=\"section\" data-settings=\"{&quot;background_background&quot;:&quot;classic&quot;}\">\n\t\t\t\t\t\t\t<div class=\"elementor-background-overlay\"><\/div>\n\t\t\t\t\t\t\t<div class=\"elementor-container elementor-column-gap-default\">\n\t\t\t\t\t<div class=\"elementor-column elementor-col-100 elementor-top-column elementor-element elementor-element-71ea5e9\" data-id=\"71ea5e9\" data-element_type=\"column\" data-e-type=\"column\">\n\t\t\t<div class=\"elementor-widget-wrap elementor-element-populated\">\n\t\t\t\t\t\t<div class=\"elementor-element elementor-element-768d07e elementor-widget elementor-widget-heading\" data-id=\"768d07e\" data-element_type=\"widget\" data-e-type=\"widget\" data-widget_type=\"heading.default\">\n\t\t\t\t<div class=\"elementor-widget-container\">\n\t\t\t\t\t<h1 class=\"elementor-heading-title elementor-size-default\">Food4All<\/h1>\t\t\t\t<\/div>\n\t\t\t\t<\/div>\n\t\t\t\t<div class=\"elementor-element elementor-element-a56b9c5 elementor-widget elementor-widget-heading\" data-id=\"a56b9c5\" data-element_type=\"widget\" data-e-type=\"widget\" data-widget_type=\"heading.default\">\n\t\t\t\t<div class=\"elementor-widget-container\">\n\t\t\t\t\t<h1 class=\"elementor-heading-title elementor-size-default\">Culinary Innovation Lab<\/h1>\t\t\t\t<\/div>\n\t\t\t\t<\/div>\n\t\t\t\t\t<\/div>\n\t\t<\/div>\n\t\t\t\t\t<\/div>\n\t\t<\/section>\n\t\t\t\t<section class=\"elementor-section elementor-top-section elementor-element elementor-element-f6768a7 elementor-section-boxed elementor-section-height-default elementor-section-height-default\" data-id=\"f6768a7\" data-element_type=\"section\" data-e-type=\"section\">\n\t\t\t\t\t\t<div class=\"elementor-container elementor-column-gap-default\">\n\t\t\t\t\t<div class=\"elementor-column elementor-col-100 elementor-top-column elementor-element elementor-element-b5c8d6b\" data-id=\"b5c8d6b\" data-element_type=\"column\" data-e-type=\"column\">\n\t\t\t<div class=\"elementor-widget-wrap elementor-element-populated\">\n\t\t\t\t\t\t<div class=\"elementor-element elementor-element-bd9f390 elementor-widget elementor-widget-heading\" data-id=\"bd9f390\" data-element_type=\"widget\" data-e-type=\"widget\" data-widget_type=\"heading.default\">\n\t\t\t\t<div class=\"elementor-widget-container\">\n\t\t\t\t\t<h2 class=\"elementor-heading-title elementor-size-default\">Bienvenido a la plataforma de aprendizaje electr\u00f3nico FOOD4ALL.<\/h2>\t\t\t\t<\/div>\n\t\t\t\t<\/div>\n\t\t\t\t<div class=\"elementor-element elementor-element-c280f9c elementor-widget-divider--view-line elementor-widget elementor-widget-divider\" data-id=\"c280f9c\" data-element_type=\"widget\" data-e-type=\"widget\" data-widget_type=\"divider.default\">\n\t\t\t\t<div class=\"elementor-widget-container\">\n\t\t\t\t\t\t\t<div class=\"elementor-divider\">\n\t\t\t<span class=\"elementor-divider-separator\">\n\t\t\t\t\t\t<\/span>\n\t\t<\/div>\n\t\t\t\t\t\t<\/div>\n\t\t\t\t<\/div>\n\t\t\t\t<div class=\"elementor-element elementor-element-e7de118 elementor-widget elementor-widget-text-editor\" data-id=\"e7de118\" data-element_type=\"widget\" data-e-type=\"widget\" data-widget_type=\"text-editor.default\">\n\t\t\t\t<div class=\"elementor-widget-container\">\n\t\t\t\t\t\t\t\t\t<div id=\"lipsum\"><span style=\"color: #b4cd57;\"><strong>Gastronom\u00eda inclusiva para todos:<\/strong><\/span><\/div><div>\u00a0<\/div><div><div><div>La plataforma FOOD4ALL es el centro de aprendizaje del proyecto europeo \u00abFOOD4ALL \u2013 V\u00edas de formaci\u00f3n inclusivas para pr\u00e1cticas culinarias equitativas y diversas\u00bb, cofinanciado por el programa Erasmus+. Su misi\u00f3n es promover pr\u00e1cticas alimentarias inclusivas, sostenibles y saludables que respondan a las necesidades diet\u00e9ticas de las poblaciones diversas de hoy en d\u00eda.<\/div><br \/><div>Aqu\u00ed encontrar\u00e1 cinco cursos de formaci\u00f3n en l\u00ednea interactivos y pr\u00e1cticos, dise\u00f1ados para chefs, estudiantes de cocina, profesionales de la hosteler\u00eda, formadores y cualquier persona interesada en cocinar teniendo en cuenta la inclusi\u00f3n, la seguridad alimentaria y la sostenibilidad.<\/div><div>Cada curso combina un lenguaje accesible, ejemplos de la vida real, contenido descargable y herramientas multimedia atractivas para apoyar el aprendizaje pr\u00e1ctico. Los alumnos pueden avanzar a su propio ritmo, seguir su progreso y volver a consultar los materiales en cualquier momento.<\/div><br \/><div><span style=\"color: #b4cd57;\"><strong>La plataforma le ofrece acceso completo a:<\/strong><\/span><\/div><ul><li><a href=\"https:\/\/food4all.plataforma-habitat.es\/es\/e-learning-course\/\">5 cursos de formaci\u00f3n,<\/a> cada uno de los cuales cubre un \u00e1rea clave de las pr\u00e1cticas culinarias inclusivas:<\/li><\/ul><\/div><\/div><ol><li style=\"list-style-type: none;\"><ol><li style=\"list-style-type: none;\"><ol><li>Comprender las restricciones alimentarias: una introducci\u00f3n a las alergias alimentarias comunes, las intolerancias y las necesidades alimentarias culturales\/religiosas.<\/li><li>Planificaci\u00f3n de men\u00fas inclusivos: c\u00f3mo dise\u00f1ar men\u00fas equilibrados y atractivos para personas con diferentes requisitos diet\u00e9ticos.<\/li><li>T\u00e9cnicas de cocina seguras e inclusivas: m\u00e9todos para evitar la contaminaci\u00f3n cruzada y garantizar la seguridad alimentaria en cocinas profesionales.<\/li><li>Diversidad alimentaria y di\u00e1logo intercultural: aceptar la comida como puente entre culturas, con un enfoque en la diversidad y el respeto.<\/li><li>Prueba de sabor y garant\u00eda de calidad: herramientas y estrategias para evaluar la calidad sensorial de recetas inclusivas.<\/li><\/ol><\/li><\/ol><\/li><\/ol><div><div><ul><li><a href=\"https:\/\/food4all.plataforma-habitat.es\/es\/awareness-materials\/\">Materiales de sensibilizaci\u00f3n e infograf\u00edas,<\/a> una colecci\u00f3n de recursos pr\u00e1cticos y visuales (como ejemplos de men\u00fas inclusivos, recetas adaptadas, gu\u00edas, estad\u00edsticas y contenido de v\u00eddeo externo) que apoyan y complementan la experiencia formativa.<\/li><\/ul><div>Estos materiales est\u00e1n dise\u00f1ados para crear conciencia, reforzar conceptos clave y proporcionar ejemplos listos para usar que los alumnos y formadores pueden aplicar directamente en sus pr\u00e1cticas culinarias o docentes.<\/div><br \/><div><strong><span style=\"color: #b4cd57;\">Lo que aprender\u00e1s:<\/span><\/strong><\/div><ul><li>C\u00f3mo adaptar recetas tradicionales para cumplir con las restricciones diet\u00e9ticas<\/li><li>C\u00f3mo dise\u00f1ar men\u00fas inclusivos y nutricionalmente equilibrados<\/li><li>C\u00f3mo aplicar protocolos de prevenci\u00f3n de la contaminaci\u00f3n cruzada<\/li><li>C\u00f3mo garantizar la calidad de los alimentos mediante pruebas de sabor y evaluaci\u00f3n<\/li><li>C\u00f3mo adoptar la diversidad alimentaria como un valor cultural y profesional<\/li><\/ul><div>Con una estructura clara, un acceso optimizado para dispositivos m\u00f3viles y materiales visualmente enriquecidos, estos cursos est\u00e1n pensados para ser f\u00e1ciles de usar, pr\u00e1cticos y listos para aplicar en entornos reales de cocina y servicio.<\/div><br \/><div>\u00danase a nosotros para construir una cultura alimentaria m\u00e1s inclusiva y consciente, receta a receta.<\/div><\/div><\/div>\t\t\t\t\t\t\t\t<\/div>\n\t\t\t\t<\/div>\n\t\t\t\t\t<\/div>\n\t\t<\/div>\n\t\t\t\t\t<\/div>\n\t\t<\/section>\n\t\t\t\t<\/div>\n\t\t","protected":false},"excerpt":{"rendered":"<p>Food4All Culinary Innovation Lab Bienvenido a la plataforma de aprendizaje electr\u00f3nico FOOD4ALL. Gastronom\u00eda inclusiva para todos:\u00a0La plataforma FOOD4ALL es el centro de aprendizaje del proyecto europeo \u00abFOOD4ALL \u2013 V\u00edas de &hellip; <\/p>\n","protected":false},"author":52,"featured_media":0,"parent":0,"menu_order":0,"comment_status":"closed","ping_status":"closed","template":"elementor_header_footer","meta":{"footnotes":""},"class_list":["post-10500","page","type-page","status-publish","hentry"],"_links":{"self":[{"href":"https:\/\/food4all.plataforma-habitat.es\/es\/wp-json\/wp\/v2\/pages\/10500","targetHints":{"allow":["GET"]}}],"collection":[{"href":"https:\/\/food4all.plataforma-habitat.es\/es\/wp-json\/wp\/v2\/pages"}],"about":[{"href":"https:\/\/food4all.plataforma-habitat.es\/es\/wp-json\/wp\/v2\/types\/page"}],"author":[{"embeddable":true,"href":"https:\/\/food4all.plataforma-habitat.es\/es\/wp-json\/wp\/v2\/users\/52"}],"replies":[{"embeddable":true,"href":"https:\/\/food4all.plataforma-habitat.es\/es\/wp-json\/wp\/v2\/comments?post=10500"}],"version-history":[{"count":34,"href":"https:\/\/food4all.plataforma-habitat.es\/es\/wp-json\/wp\/v2\/pages\/10500\/revisions"}],"predecessor-version":[{"id":14696,"href":"https:\/\/food4all.plataforma-habitat.es\/es\/wp-json\/wp\/v2\/pages\/10500\/revisions\/14696"}],"wp:attachment":[{"href":"https:\/\/food4all.plataforma-habitat.es\/es\/wp-json\/wp\/v2\/media?parent=10500"}],"curies":[{"name":"wp","href":"https:\/\/api.w.org\/{rel}","templated":true}]}}